{"id":160,"date":"2022-01-06T15:15:59","date_gmt":"2022-01-06T14:15:59","guid":{"rendered":"https:\/\/www.jackotoy.fr\/?page_id=160"},"modified":"2026-04-17T19:33:20","modified_gmt":"2026-04-17T17:33:20","slug":"atelier","status":"publish","type":"page","link":"https:\/\/www.jackotoy.fr\/en\/atelier\/","title":{"rendered":"Workshop"},"content":{"rendered":"<div class=\"et_pb_section_0 et_pb_section et_section_regular et_block_section preset--module--divi-section--6027b9f6-36e3-45c1-b147-d91d1f4cd08b\"><div class=\"et_pb_row_0 et_pb_row et_pb_gutters2 et_block_row preset--module--divi-row--e9cf6f09-50e4-41bf-94c7-465ec055f4cd\"><div class=\"et_pb_column_0 et_pb_column et_pb_column_4_4 et-last-child et_block_column et_pb_css_mix_blend_mode_passthrough preset--module--divi-column--default\"><div class=\"et_pb_text_0 et_pb_text et_pb_bg_layout_light et_pb_module et_block_module centrer-verticalement preset--module--divi-text--4bdd78c5-b02f-40ce-8cd7-0786ee0eb8d8\"><div class=\"et_pb_text_inner\"><p>Workshop<\/p>\n<\/div><\/div><\/div><\/div><\/div><div class=\"et_pb_section_1 et_pb_section et_section_regular et_block_section dc_inverser_colonnes-section preset--module--divi-section--095aac2b-02cd-4ccb-98e3-7084a212c89d\"><div class=\"et_pb_row_1 et_pb_row et_block_row preset--module--divi-row--default\" id=\"ligne_merch\"><div class=\"et_pb_column_1 et_pb_column et_pb_column_1_2 et_block_column et_pb_css_mix_blend_mode_passthrough preset--module--divi-column--default\"><div class=\"et_pb_image_0 et_pb_image et_pb_module et_block_module preset--module--divi-image--60776de6-290a-4abb-b8bc-2b20fbcffe8e\"><span class=\"et_pb_image_wrap\"><img loading=\"lazy\" decoding=\"async\" src=\"https:\/\/www.jackotoy.fr\/wp-content\/uploads\/2022\/10\/Step1_JackoToy_Sextoy-scaled.webp\" width=\"2560\" height=\"1441\" srcset=\"https:\/\/www.jackotoy.fr\/wp-content\/uploads\/2022\/10\/Step1_JackoToy_Sextoy-scaled.webp 2560w, https:\/\/www.jackotoy.fr\/wp-content\/uploads\/2022\/10\/Step1_JackoToy_Sextoy-1280x721.webp 1280w, https:\/\/www.jackotoy.fr\/wp-content\/uploads\/2022\/10\/Step1_JackoToy_Sextoy-980x552.webp 980w, https:\/\/www.jackotoy.fr\/wp-content\/uploads\/2022\/10\/Step1_JackoToy_Sextoy-480x270.webp 480w\" sizes=\"(min-width: 0px) and (max-width: 480px) 480px, (min-width: 481px) and (max-width: 980px) 980px, (min-width: 981px) and (max-width: 1280px) 1280px, (min-width: 1281px) 2560px, 100vw\" class=\"wp-image-238357\" title=\"Setp1_JackOToy_sextoy\" alt=\"mod\u00e9lisation 3D\" \/><\/span><\/div><\/div><div class=\"et_pb_column_2 et_pb_column et_pb_column_1_2 et-last-child et_block_column et_pb_css_mix_blend_mode_passthrough preset--module--divi-column--default\"><div class=\"et_pb_text_1 et_pb_text et_pb_bg_layout_light et_pb_module et_block_module et_pb_text_align_justified preset--module--divi-text--default\"><div class=\"et_pb_text_inner\"><p>La cr\u00e9ation de votre sextoy d\u00e9bute par de la sculpture num\u00e9rique, que l'on appelle \u00e9galement mod\u00e9lisation 3D.<\/p>\n<p>Cette technique peut \u00eatre compar\u00e9e \u00e0 de la sculpture d'argile virtuel !<\/p>\n<\/div><\/div><\/div><\/div><div class=\"et_pb_row_2 et_pb_row et_block_row dc_inverser_colonnes-ligne preset--module--divi-row--default\" id=\"ligne_merch\"><div class=\"et_pb_column_3 et_pb_column et_pb_column_1_2 et_block_column et_pb_css_mix_blend_mode_passthrough preset--module--divi-column--default\"><div class=\"et_pb_text_2 et_pb_text et_pb_bg_layout_light et_pb_module et_block_module et_pb_text_align_justified preset--module--divi-text--default\"><div class=\"et_pb_text_inner\"><p>La forme d'origine du jouet, que l'on appel mod\u00e8le ma\u00eetre, apparait dans notre monde gr\u00e2ce \u00e0 une imprimante 3D de haute qualit\u00e9.<\/p>\n<p>The master model is then printed in different sizes, and its surface is treated to be as smooth as possible.<\/p>\n<\/div><\/div><\/div><div class=\"et_pb_column_4 et_pb_column et_pb_column_1_2 et-last-child et_block_column et_pb_css_mix_blend_mode_passthrough preset--module--divi-column--default\"><div class=\"et_pb_image_1 et_pb_image et_pb_module et_block_module preset--module--divi-image--60776de6-290a-4abb-b8bc-2b20fbcffe8e\"><span class=\"et_pb_image_wrap\"><img loading=\"lazy\" decoding=\"async\" src=\"https:\/\/www.jackotoy.fr\/wp-content\/uploads\/2022\/10\/Step2_JackoToy_Sextoy-scaled.webp\" width=\"2560\" height=\"1439\" srcset=\"https:\/\/www.jackotoy.fr\/wp-content\/uploads\/2022\/10\/Step2_JackoToy_Sextoy-scaled.webp 2560w, https:\/\/www.jackotoy.fr\/wp-content\/uploads\/2022\/10\/Step2_JackoToy_Sextoy-1280x720.webp 1280w, https:\/\/www.jackotoy.fr\/wp-content\/uploads\/2022\/10\/Step2_JackoToy_Sextoy-980x551.webp 980w, https:\/\/www.jackotoy.fr\/wp-content\/uploads\/2022\/10\/Step2_JackoToy_Sextoy-480x270.webp 480w\" sizes=\"(min-width: 0px) and (max-width: 480px) 480px, (min-width: 481px) and (max-width: 980px) 980px, (min-width: 981px) and (max-width: 1280px) 1280px, (min-width: 1281px) 2560px, 100vw\" class=\"wp-image-238358\" title=\"Step2_JackoToy_Sextoy\" alt=\"mod\u00e9lisation 3D\" \/><\/span><\/div><\/div><\/div><div class=\"et_pb_row_3 et_pb_row et_block_row preset--module--divi-row--default\" id=\"ligne_merch\"><div class=\"et_pb_column_5 et_pb_column et_pb_column_1_2 et_block_column et_pb_css_mix_blend_mode_passthrough preset--module--divi-column--default\"><div class=\"et_pb_image_2 et_pb_image et_pb_module et_block_module preset--module--divi-image--60776de6-290a-4abb-b8bc-2b20fbcffe8e\"><span class=\"et_pb_image_wrap\"><img loading=\"lazy\" decoding=\"async\" src=\"https:\/\/www.jackotoy.fr\/wp-content\/uploads\/2022\/10\/Step3_JackoToy_Sextoy-scaled.webp\" width=\"2560\" height=\"1440\" srcset=\"https:\/\/www.jackotoy.fr\/wp-content\/uploads\/2022\/10\/Step3_JackoToy_Sextoy-scaled.webp 2560w, https:\/\/www.jackotoy.fr\/wp-content\/uploads\/2022\/10\/Step3_JackoToy_Sextoy-1280x720.webp 1280w, https:\/\/www.jackotoy.fr\/wp-content\/uploads\/2022\/10\/Step3_JackoToy_Sextoy-980x551.webp 980w, https:\/\/www.jackotoy.fr\/wp-content\/uploads\/2022\/10\/Step3_JackoToy_Sextoy-480x270.webp 480w\" sizes=\"(min-width: 0px) and (max-width: 480px) 480px, (min-width: 481px) and (max-width: 980px) 980px, (min-width: 981px) and (max-width: 1280px) 1280px, (min-width: 1281px) 2560px, 100vw\" class=\"wp-image-238359\" title=\"Step3_JackoToy_Sextoy\" alt=\"mod\u00e9lisation 3D\" \/><\/span><\/div><\/div><div class=\"et_pb_column_6 et_pb_column et_pb_column_1_2 et-last-child et_block_column et_pb_css_mix_blend_mode_passthrough preset--module--divi-column--default\"><div class=\"et_pb_text_3 et_pb_text et_pb_bg_layout_light et_pb_module et_block_module et_pb_text_align_justified preset--module--divi-text--default\"><div class=\"et_pb_text_inner\"><p>Une coquille est \u00e9galement imprim\u00e9e pour le moulage. Un silicone de moulage semblable \u00e0 celui utilis\u00e9 pour votre jouet permet de prendre l'empreinte du mod\u00e8le ma\u00eetre.<\/p>\n<p>Apr\u00e8s une pr\u00e9paration minutieuses et quelques heures d'attente, le moule est contr\u00f4l\u00e9 et pr\u00eat!<\/p>\n<\/div><\/div><\/div><\/div><div class=\"et_pb_row_4 et_pb_row et_block_row dc_inverser_colonnes-ligne preset--module--divi-row--default\" id=\"ligne_merch\"><div class=\"et_pb_column_7 et_pb_column et_pb_column_1_2 et_block_column et_pb_css_mix_blend_mode_passthrough preset--module--divi-column--default\"><div class=\"et_pb_text_4 et_pb_text et_pb_bg_layout_light et_pb_module et_block_module et_pb_text_align_justified preset--module--divi-text--default\"><div class=\"et_pb_text_inner\"><p>Pour pr\u00e9parer votre sextoy, du silicone compatible peau de haute qualit\u00e9 est pr\u00e9par\u00e9, les diff\u00e9rents pigments y sont ajout\u00e9s. \u00c0 ce stade, il se pr\u00e9sente sous la forme d'un liquide tr\u00e8s visqueux, comme du miel.<\/p>\n<p>Afin de s'assurer qu'aucune bulle ne sera pr\u00e9sente \u00e0 la surface de votre mod\u00e8le, le silicone est d\u00e9gaz\u00e9 avant d'\u00eatre coul\u00e9 dans le moule.<\/p>\n<\/div><\/div><\/div><div class=\"et_pb_column_8 et_pb_column et_pb_column_1_2 et-last-child et_block_column et_pb_css_mix_blend_mode_passthrough preset--module--divi-column--default\"><div class=\"et_pb_image_3 et_pb_image et_pb_module et_block_module preset--module--divi-image--60776de6-290a-4abb-b8bc-2b20fbcffe8e\"><span class=\"et_pb_image_wrap\"><img loading=\"lazy\" decoding=\"async\" src=\"https:\/\/www.jackotoy.fr\/wp-content\/uploads\/2022\/10\/Step4_JackoToy_Sextoy-scaled.webp\" width=\"2560\" height=\"1440\" srcset=\"https:\/\/www.jackotoy.fr\/wp-content\/uploads\/2022\/10\/Step4_JackoToy_Sextoy-scaled.webp 2560w, https:\/\/www.jackotoy.fr\/wp-content\/uploads\/2022\/10\/Step4_JackoToy_Sextoy-1280x720.webp 1280w, https:\/\/www.jackotoy.fr\/wp-content\/uploads\/2022\/10\/Step4_JackoToy_Sextoy-980x551.webp 980w, https:\/\/www.jackotoy.fr\/wp-content\/uploads\/2022\/10\/Step4_JackoToy_Sextoy-480x270.webp 480w\" sizes=\"(min-width: 0px) and (max-width: 480px) 480px, (min-width: 481px) and (max-width: 980px) 980px, (min-width: 981px) and (max-width: 1280px) 1280px, (min-width: 1281px) 2560px, 100vw\" class=\"wp-image-238353\" title=\"Step4_JackoToy_Sextoy\" alt=\"mod\u00e9lisation 3D\" \/><\/span><\/div><\/div><\/div><div class=\"et_pb_row_5 et_pb_row et_block_row preset--module--divi-row--default\" id=\"ligne_merch\"><div class=\"et_pb_column_9 et_pb_column et_pb_column_1_2 et_block_column et_pb_css_mix_blend_mode_passthrough preset--module--divi-column--default\"><div class=\"et_pb_image_4 et_pb_image et_pb_module et_block_module preset--module--divi-image--60776de6-290a-4abb-b8bc-2b20fbcffe8e\"><span class=\"et_pb_image_wrap\"><img loading=\"lazy\" decoding=\"async\" src=\"https:\/\/www.jackotoy.fr\/wp-content\/uploads\/2022\/10\/Step5_JackoToy_Sextoy-scaled.webp\" width=\"2560\" height=\"1440\" srcset=\"https:\/\/www.jackotoy.fr\/wp-content\/uploads\/2022\/10\/Step5_JackoToy_Sextoy-scaled.webp 2560w, https:\/\/www.jackotoy.fr\/wp-content\/uploads\/2022\/10\/Step5_JackoToy_Sextoy-1280x720.webp 1280w, https:\/\/www.jackotoy.fr\/wp-content\/uploads\/2022\/10\/Step5_JackoToy_Sextoy-980x551.webp 980w, https:\/\/www.jackotoy.fr\/wp-content\/uploads\/2022\/10\/Step5_JackoToy_Sextoy-480x270.webp 480w\" sizes=\"(min-width: 0px) and (max-width: 480px) 480px, (min-width: 481px) and (max-width: 980px) 980px, (min-width: 981px) and (max-width: 1280px) 1280px, (min-width: 1281px) 2560px, 100vw\" class=\"wp-image-238354\" title=\"Step5_JackoToy_Sextoy\" alt=\"mod\u00e9lisation 3D\" \/><\/span><\/div><\/div><div class=\"et_pb_column_10 et_pb_column et_pb_column_1_2 et-last-child et_block_column et_pb_css_mix_blend_mode_passthrough preset--module--divi-column--default\"><div class=\"et_pb_text_5 et_pb_text et_pb_bg_layout_light et_pb_module et_block_module et_pb_text_align_justified preset--module--divi-text--default\"><div class=\"et_pb_text_inner\"><p>With time, the silicone changes its state and reaches the chosen firmness, soft, medium or firm.<\/p>\n<p>It is then time to remove your future model from the mould!<\/p>\n<p>Pour vous garantir des sextoys de qualit\u00e9 optimale, l'absence de d\u00e9faut est contr\u00f4l\u00e9e visuellement.\u00a0<\/p>\n<\/div><\/div><\/div><\/div><div class=\"et_pb_row_6 et_pb_row et_block_row dc_inverser_colonnes-ligne preset--module--divi-row--default\" id=\"ligne_merch\"><div class=\"et_pb_column_11 et_pb_column et_pb_column_1_2 et_block_column et_pb_css_mix_blend_mode_passthrough preset--module--divi-column--default\"><div class=\"et_pb_text_6 et_pb_text et_pb_bg_layout_light et_pb_module et_block_module et_pb_text_align_justified preset--module--divi-text--default\"><div class=\"et_pb_text_inner\"><p>Si jamais un d\u00e9faut mineur est pr\u00e9sent, sur la base par exemple, le mod\u00e8le vous est propos\u00e9 \u00e0 un prix r\u00e9duit, sous la d\u00e9nomination \"FLOP\", comme \u00e7a, pas de g\u00e2chis !<\/p>\n<p>Apr\u00e8s un lavage minutieux, un s\u00e9chage \u00e0 l'air, le mod\u00e8le est enduit d'amidon de ma\u00efs. Cette poudre permet de s'assurer d'un transport sans encombre.<\/p>\n<p>Your sextoy is packed in a sealed bag.<\/p>\n<\/div><\/div><\/div><div class=\"et_pb_column_12 et_pb_column et_pb_column_1_2 et-last-child et_block_column et_pb_css_mix_blend_mode_passthrough preset--module--divi-column--default\"><div class=\"et_pb_image_5 et_pb_image et_pb_module et_block_module preset--module--divi-image--60776de6-290a-4abb-b8bc-2b20fbcffe8e\"><span class=\"et_pb_image_wrap\"><img loading=\"lazy\" decoding=\"async\" src=\"https:\/\/www.jackotoy.fr\/wp-content\/uploads\/2022\/10\/Step6_JackoToy_Sextoy-scaled.webp\" width=\"2560\" height=\"1440\" srcset=\"https:\/\/www.jackotoy.fr\/wp-content\/uploads\/2022\/10\/Step6_JackoToy_Sextoy-scaled.webp 2560w, https:\/\/www.jackotoy.fr\/wp-content\/uploads\/2022\/10\/Step6_JackoToy_Sextoy-1280x720.webp 1280w, https:\/\/www.jackotoy.fr\/wp-content\/uploads\/2022\/10\/Step6_JackoToy_Sextoy-980x551.webp 980w, https:\/\/www.jackotoy.fr\/wp-content\/uploads\/2022\/10\/Step6_JackoToy_Sextoy-480x270.webp 480w\" sizes=\"(min-width: 0px) and (max-width: 480px) 480px, (min-width: 481px) and (max-width: 980px) 980px, (min-width: 981px) and (max-width: 1280px) 1280px, (min-width: 1281px) 2560px, 100vw\" class=\"wp-image-238355\" title=\"Step6_JackoToy_Sextoy\" alt=\"mod\u00e9lisation 3D\" \/><\/span><\/div><\/div><\/div><div class=\"et_pb_row_7 et_pb_row et_block_row preset--module--divi-row--default\" id=\"ligne_merch\"><div class=\"et_pb_column_13 et_pb_column et_pb_column_1_2 et_block_column et_pb_css_mix_blend_mode_passthrough preset--module--divi-column--default\"><div class=\"et_pb_image_6 et_pb_image et_pb_module et_block_module preset--module--divi-image--60776de6-290a-4abb-b8bc-2b20fbcffe8e\"><span class=\"et_pb_image_wrap\"><img loading=\"lazy\" decoding=\"async\" src=\"https:\/\/www.jackotoy.fr\/wp-content\/uploads\/2022\/10\/Step7_JackoToy_Sextoy-scaled.webp\" width=\"2560\" height=\"1439\" srcset=\"https:\/\/www.jackotoy.fr\/wp-content\/uploads\/2022\/10\/Step7_JackoToy_Sextoy-scaled.webp 2560w, https:\/\/www.jackotoy.fr\/wp-content\/uploads\/2022\/10\/Step7_JackoToy_Sextoy-1280x720.webp 1280w, https:\/\/www.jackotoy.fr\/wp-content\/uploads\/2022\/10\/Step7_JackoToy_Sextoy-980x551.webp 980w, https:\/\/www.jackotoy.fr\/wp-content\/uploads\/2022\/10\/Step7_JackoToy_Sextoy-480x270.webp 480w\" sizes=\"(min-width: 0px) and (max-width: 480px) 480px, (min-width: 481px) and (max-width: 980px) 980px, (min-width: 981px) and (max-width: 1280px) 1280px, (min-width: 1281px) 2560px, 100vw\" class=\"wp-image-238356\" title=\"Step7_JackoToy_Sextoy\" alt=\"mod\u00e9lisation 3D\" \/><\/span><\/div><\/div><div class=\"et_pb_column_14 et_pb_column et_pb_column_1_2 et-last-child et_block_column et_pb_css_mix_blend_mode_passthrough preset--module--divi-column--default\"><div class=\"et_pb_text_7 et_pb_text et_pb_bg_layout_light et_pb_module et_block_module et_pb_text_align_justified preset--module--divi-text--default\"><div class=\"et_pb_text_inner\"><p>Once adopted, your toy is wrapped up in a discreet cardboard box, without any mention of its contents!<\/p>\n<p>Soon it will be ready to be welcomed into its new home.<\/p>\n<\/div><\/div><\/div><\/div><\/div><div class=\"et_pb_section_2 et_pb_section et_section_regular et_block_section dc_inverser_colonnes-section preset--module--divi-section--095aac2b-02cd-4ccb-98e3-7084a212c89d\"><div class=\"et_pb_row_8 et_pb_row et_pb_row_1-2_1-4_1-4 et_block_row et_block_row_1-2_1-4_1-4 preset--module--divi-row--default\" id=\"ligne_merch\"><div class=\"et_pb_column_15 et_pb_column et_pb_column_1_2 et_block_column et_pb_css_mix_blend_mode_passthrough preset--module--divi-column--default\"><div class=\"et_pb_text_8 et_pb_text et_pb_bg_layout_light et_pb_module et_block_module et_pb_text_align_justified preset--module--divi-text--default\"><div class=\"et_pb_text_inner\"><p>Alors, pr\u00eat.e.s \u00e0 tenter l'aventure ?<br \/>N'h\u00e9sitez pas \u00e0 parcourir la liste de nos mod\u00e8les ou explorez la boutique pour trouver un sextoys d\u00e9j\u00e0 pr\u00eat !<\/p>\n<\/div><\/div><\/div><div class=\"et_pb_column_16 et_pb_column et_pb_column_1_4 et_block_column et_pb_css_mix_blend_mode_passthrough preset--module--divi-column--default\"><div class=\"et_pb_module et_pb_button_module_wrapper et_pb_button_0_wrapper preset--module--divi-button--a7f423c9-73c6-448d-b5c5-d2eed6d9f704_wrapper\"><a class=\"et_pb_button_0 et_pb_button et_pb_bg_layout_light et_pb_module et_block_module preset--module--divi-button--a7f423c9-73c6-448d-b5c5-d2eed6d9f704\" href=\"https:\/\/www.jackotoy.fr\/en\/modeles\/\">Models<\/a><\/div><\/div><div class=\"et_pb_column_17 et_pb_column et_pb_column_1_4 et-last-child et_block_column et_pb_css_mix_blend_mode_passthrough preset--module--divi-column--default\"><div class=\"et_pb_module et_pb_button_module_wrapper et_pb_button_1_wrapper preset--module--divi-button--a7f423c9-73c6-448d-b5c5-d2eed6d9f704_wrapper\"><a class=\"et_pb_button_1 et_pb_button et_pb_bg_layout_light et_pb_module et_block_module preset--module--divi-button--a7f423c9-73c6-448d-b5c5-d2eed6d9f704\" href=\"https:\/\/www.jackotoy.fr\/en\/boutique\/\">Shop<\/a><\/div><\/div><\/div><div class=\"et_pb_row_9 et_pb_row et_block_row preset--module--divi-row--default\" id=\"ligne_merch\"><div class=\"et_pb_column_18 et_pb_column et_pb_column_3_5 et_block_column et_pb_css_mix_blend_mode_passthrough preset--module--divi-column--default\"><div class=\"et_pb_text_9 et_pb_text et_pb_bg_layout_light et_pb_module et_block_module et_pb_text_align_justified preset--module--divi-text--default\"><div class=\"et_pb_text_inner\"><p>Any questions? Visit our F.A.Q.<\/p>\n<\/div><\/div><\/div><div class=\"et_pb_column_19 et_pb_column et_pb_column_2_5 et-last-child et_block_column et_pb_css_mix_blend_mode_passthrough preset--module--divi-column--default\"><div class=\"et_pb_module et_pb_button_module_wrapper et_pb_button_2_wrapper preset--module--divi-button--a7f423c9-73c6-448d-b5c5-d2eed6d9f704_wrapper\"><a class=\"et_pb_button_2 et_pb_button et_pb_bg_layout_light et_pb_module et_block_module preset--module--divi-button--a7f423c9-73c6-448d-b5c5-d2eed6d9f704\" href=\"https:\/\/www.jackotoy.fr\/en\/faq\/\">F.A.Q.<\/a><\/div><\/div><\/div><\/div>","protected":false},"excerpt":{"rendered":"","protected":false},"author":47,"featured_media":0,"parent":0,"menu_order":0,"comment_status":"closed","ping_status":"closed","template":"","meta":{"footnotes":""},"class_list":["post-160","page","type-page","status-publish","hentry"],"yoast_head":"<!-- This site is optimized with the Yoast SEO plugin v27.4 - https:\/\/yoast.com\/product\/yoast-seo-wordpress\/ -->\n<title>Atelier - Jack O&#039;Toy<\/title>\n<meta name=\"robots\" content=\"index, follow, max-snippet:-1, max-image-preview:large, max-video-preview:-1\" \/>\n<link rel=\"canonical\" href=\"https:\/\/www.jackotoy.fr\/en\/atelier\/\" \/>\n<meta property=\"og:locale\" content=\"en_GB\" \/>\n<meta property=\"og:type\" content=\"article\" \/>\n<meta property=\"og:title\" content=\"Atelier - Jack O&#039;Toy\" \/>\n<meta property=\"og:url\" content=\"https:\/\/www.jackotoy.fr\/en\/atelier\/\" \/>\n<meta property=\"og:site_name\" content=\"Jack O&#039;Toy\" \/>\n<meta property=\"article:modified_time\" content=\"2026-04-17T17:33:20+00:00\" \/>\n<meta name=\"twitter:card\" content=\"summary_large_image\" \/>\n<meta name=\"twitter:site\" content=\"@JackOToy\" \/>\n<meta name=\"twitter:label1\" content=\"Estimated reading time\" \/>\n\t<meta name=\"twitter:data1\" content=\"4 minutes\" \/>\n<script type=\"application\/ld+json\" class=\"yoast-schema-graph\">{\"@context\":\"https:\\\/\\\/schema.org\",\"@graph\":[{\"@type\":\"WebPage\",\"@id\":\"https:\\\/\\\/www.jackotoy.fr\\\/atelier\\\/\",\"url\":\"https:\\\/\\\/www.jackotoy.fr\\\/atelier\\\/\",\"name\":\"Atelier - Jack O&#039;Toy\",\"isPartOf\":{\"@id\":\"https:\\\/\\\/www.jackotoy.fr\\\/#website\"},\"datePublished\":\"2022-01-06T14:15:59+00:00\",\"dateModified\":\"2026-04-17T17:33:20+00:00\",\"breadcrumb\":{\"@id\":\"https:\\\/\\\/www.jackotoy.fr\\\/atelier\\\/#breadcrumb\"},\"inLanguage\":\"en-GB\",\"potentialAction\":[{\"@type\":\"ReadAction\",\"target\":[\"https:\\\/\\\/www.jackotoy.fr\\\/atelier\\\/\"]}]},{\"@type\":\"BreadcrumbList\",\"@id\":\"https:\\\/\\\/www.jackotoy.fr\\\/atelier\\\/#breadcrumb\",\"itemListElement\":[{\"@type\":\"ListItem\",\"position\":1,\"name\":\"Accueil\",\"item\":\"https:\\\/\\\/www.jackotoy.fr\\\/\"},{\"@type\":\"ListItem\",\"position\":2,\"name\":\"Atelier\"}]},{\"@type\":\"WebSite\",\"@id\":\"https:\\\/\\\/www.jackotoy.fr\\\/#website\",\"url\":\"https:\\\/\\\/www.jackotoy.fr\\\/\",\"name\":\"Jack O'Toy\",\"description\":\"Votre plaisir est unique.\",\"publisher\":{\"@id\":\"https:\\\/\\\/www.jackotoy.fr\\\/#organization\"},\"potentialAction\":[{\"@type\":\"SearchAction\",\"target\":{\"@type\":\"EntryPoint\",\"urlTemplate\":\"https:\\\/\\\/www.jackotoy.fr\\\/?s={search_term_string}\"},\"query-input\":{\"@type\":\"PropertyValueSpecification\",\"valueRequired\":true,\"valueName\":\"search_term_string\"}}],\"inLanguage\":\"en-GB\"},{\"@type\":\"Organization\",\"@id\":\"https:\\\/\\\/www.jackotoy.fr\\\/#organization\",\"name\":\"Jack O'Toy\",\"url\":\"https:\\\/\\\/www.jackotoy.fr\\\/\",\"logo\":{\"@type\":\"ImageObject\",\"inLanguage\":\"en-GB\",\"@id\":\"https:\\\/\\\/www.jackotoy.fr\\\/#\\\/schema\\\/logo\\\/image\\\/\",\"url\":\"https:\\\/\\\/www.jackotoy.fr\\\/wp-content\\\/uploads\\\/2023\\\/03\\\/Logo_Jackotoy_V1_transp_REDUIT-e1691401953922.png\",\"contentUrl\":\"https:\\\/\\\/www.jackotoy.fr\\\/wp-content\\\/uploads\\\/2023\\\/03\\\/Logo_Jackotoy_V1_transp_REDUIT-e1691401953922.png\",\"width\":128,\"height\":128,\"caption\":\"Jack O'Toy\"},\"image\":{\"@id\":\"https:\\\/\\\/www.jackotoy.fr\\\/#\\\/schema\\\/logo\\\/image\\\/\"},\"sameAs\":[\"https:\\\/\\\/x.com\\\/JackOToy\",\"https:\\\/\\\/www.instagram.com\\\/jackotoy\\\/\"]}]}<\/script>\n<!-- \/ Yoast SEO plugin. -->","yoast_head_json":{"title":"Atelier - Jack O&#039;Toy","robots":{"index":"index","follow":"follow","max-snippet":"max-snippet:-1","max-image-preview":"max-image-preview:large","max-video-preview":"max-video-preview:-1"},"canonical":"https:\/\/www.jackotoy.fr\/en\/atelier\/","og_locale":"en_GB","og_type":"article","og_title":"Atelier - Jack O&#039;Toy","og_url":"https:\/\/www.jackotoy.fr\/en\/atelier\/","og_site_name":"Jack O&#039;Toy","article_modified_time":"2026-04-17T17:33:20+00:00","twitter_card":"summary_large_image","twitter_site":"@JackOToy","twitter_misc":{"Estimated reading time":"4 minutes"},"schema":{"@context":"https:\/\/schema.org","@graph":[{"@type":"WebPage","@id":"https:\/\/www.jackotoy.fr\/atelier\/","url":"https:\/\/www.jackotoy.fr\/atelier\/","name":"Atelier - Jack O&#039;Toy","isPartOf":{"@id":"https:\/\/www.jackotoy.fr\/#website"},"datePublished":"2022-01-06T14:15:59+00:00","dateModified":"2026-04-17T17:33:20+00:00","breadcrumb":{"@id":"https:\/\/www.jackotoy.fr\/atelier\/#breadcrumb"},"inLanguage":"en-GB","potentialAction":[{"@type":"ReadAction","target":["https:\/\/www.jackotoy.fr\/atelier\/"]}]},{"@type":"BreadcrumbList","@id":"https:\/\/www.jackotoy.fr\/atelier\/#breadcrumb","itemListElement":[{"@type":"ListItem","position":1,"name":"Accueil","item":"https:\/\/www.jackotoy.fr\/"},{"@type":"ListItem","position":2,"name":"Atelier"}]},{"@type":"WebSite","@id":"https:\/\/www.jackotoy.fr\/#website","url":"https:\/\/www.jackotoy.fr\/","name":"Jack O'Toy","description":"Votre plaisir est unique.","publisher":{"@id":"https:\/\/www.jackotoy.fr\/#organization"},"potentialAction":[{"@type":"SearchAction","target":{"@type":"EntryPoint","urlTemplate":"https:\/\/www.jackotoy.fr\/?s={search_term_string}"},"query-input":{"@type":"PropertyValueSpecification","valueRequired":true,"valueName":"search_term_string"}}],"inLanguage":"en-GB"},{"@type":"Organization","@id":"https:\/\/www.jackotoy.fr\/#organization","name":"Jack O'Toy","url":"https:\/\/www.jackotoy.fr\/","logo":{"@type":"ImageObject","inLanguage":"en-GB","@id":"https:\/\/www.jackotoy.fr\/#\/schema\/logo\/image\/","url":"https:\/\/www.jackotoy.fr\/wp-content\/uploads\/2023\/03\/Logo_Jackotoy_V1_transp_REDUIT-e1691401953922.png","contentUrl":"https:\/\/www.jackotoy.fr\/wp-content\/uploads\/2023\/03\/Logo_Jackotoy_V1_transp_REDUIT-e1691401953922.png","width":128,"height":128,"caption":"Jack O'Toy"},"image":{"@id":"https:\/\/www.jackotoy.fr\/#\/schema\/logo\/image\/"},"sameAs":["https:\/\/x.com\/JackOToy","https:\/\/www.instagram.com\/jackotoy\/"]}]}},"_links":{"self":[{"href":"https:\/\/www.jackotoy.fr\/en\/wp-json\/wp\/v2\/pages\/160","targetHints":{"allow":["GET"]}}],"collection":[{"href":"https:\/\/www.jackotoy.fr\/en\/wp-json\/wp\/v2\/pages"}],"about":[{"href":"https:\/\/www.jackotoy.fr\/en\/wp-json\/wp\/v2\/types\/page"}],"author":[{"embeddable":true,"href":"https:\/\/www.jackotoy.fr\/en\/wp-json\/wp\/v2\/users\/47"}],"replies":[{"embeddable":true,"href":"https:\/\/www.jackotoy.fr\/en\/wp-json\/wp\/v2\/comments?post=160"}],"version-history":[{"count":3,"href":"https:\/\/www.jackotoy.fr\/en\/wp-json\/wp\/v2\/pages\/160\/revisions"}],"predecessor-version":[{"id":245016,"href":"https:\/\/www.jackotoy.fr\/en\/wp-json\/wp\/v2\/pages\/160\/revisions\/245016"}],"wp:attachment":[{"href":"https:\/\/www.jackotoy.fr\/en\/wp-json\/wp\/v2\/media?parent=160"}],"curies":[{"name":"wp","href":"https:\/\/api.w.org\/{rel}","templated":true}]}}