{"id":236655,"date":"2022-03-21T16:53:10","date_gmt":"2022-03-21T15:53:10","guid":{"rendered":"https:\/\/www.jackotoy.fr\/?post_type=product&#038;p=236655"},"modified":"2025-07-31T18:23:21","modified_gmt":"2025-07-31T16:23:21","slug":"claw-medium-soft-2","status":"publish","type":"product","link":"https:\/\/www.jackotoy.fr\/en\/product\/claw-medium-soft-2\/","title":{"rendered":"Claw Medium\/Medium"},"content":{"rendered":"<div class=\"et_d4_element et_pb_section et_pb_section_0 et_pb_with_background  et_pb_css_mix_blend_mode et_section_regular et_block_section\" >\n\t\t\t\t\n\t\t\t\t\n\t\t\t\t\n\t\t\t\t\n\t\t\t\t\n\t\t\t\t\n\t\t\t\t<div class=\"et_pb_with_border et_d4_element et_pb_row et_pb_row_0 et_pb_equal_columns  et_pb_css_mix_blend_mode et_block_row\">\n\t\t\t\t<div class=\"et_d4_element et_pb_column_4_4 et_pb_column et_pb_column_0  et_pb_css_mix_blend_mode et-last-child et_block_column\">\n\t\t\t\t\n\t\t\t\t\n\t\t\t\t\n\t\t\t\t\n\t\t\t\t<div class=\"et_pb_module et_d4_element et_pb_wc_cart_notice et_pb_wc_cart_notice_0 woocommerce et_pb_fields_layout_default et_pb_bg_layout_  et_pb_text_align_left\">\n\t\t\t\t\n\t\t\t\t\n\t\t\t\t\n\t\t\t\t\n\t\t\t\t\n\t\t\t\t\n\t\t\t\t<div class=\"et_pb_module_inner\">\n\t\t\t\t\t\n\t\t\t\t<\/div>\n\t\t\t<\/div>\n\t\t\t<\/div>\n\t\t\t\t\n\t\t\t\t\n\t\t\t\t\n\t\t\t\t\n\t\t\t<\/div><div class=\"et_pb_with_border et_d4_element et_pb_row et_pb_row_1 et_pb_equal_columns  et_pb_css_mix_blend_mode et_block_row\">\n\t\t\t\t<div class=\"et_d4_element et_pb_column_1_2 et_pb_column et_pb_column_1  et_pb_css_mix_blend_mode et_block_column\">\n\t\t\t\t\n\t\t\t\t\n\t\t\t\t\n\t\t\t\t\n\t\t\t\t<div class=\"et_pb_module et_d4_element et_pb_wc_images et_pb_wc_images_0 et_pb_bg_layout_\">\n\t\t\t\t\n\t\t\t\t\n\t\t\t\t\n\t\t\t\t\n\t\t\t\t\n\t\t\t\t\n\t\t\t\t<div class=\"et_pb_module_inner\">\n\t\t\t\t\t<div class=\"woocommerce-product-gallery woocommerce-product-gallery--with-images woocommerce-product-gallery--columns-4 images\" data-columns=\"4\" style=\"opacity: 0; transition: opacity .25s ease-in-out;\">\n\t<div class=\"woocommerce-product-gallery__wrapper\">\n\t\t<div data-thumb=\"https:\/\/www.jackotoy.fr\/wp-content\/uploads\/2025\/07\/ROD_16_jackotoy-100x100.webp\" data-thumb-alt=\"Rod Small\/Firm\" data-thumb-srcset=\"\"  data-thumb-sizes=\"\" class=\"woocommerce-product-gallery__image\"><a href=\"https:\/\/www.jackotoy.fr\/wp-content\/uploads\/2025\/07\/ROD_16_jackotoy.webp\"><img loading=\"lazy\" decoding=\"async\" width=\"500\" height=\"500\" src=\"https:\/\/www.jackotoy.fr\/wp-content\/uploads\/2025\/07\/ROD_16_jackotoy-500x500.webp\" class=\"wp-post-image\" alt=\"Rod Small\/Firm\" data-caption=\"\" data-src=\"https:\/\/www.jackotoy.fr\/wp-content\/uploads\/2025\/07\/ROD_16_jackotoy.webp\" data-large_image=\"https:\/\/www.jackotoy.fr\/wp-content\/uploads\/2025\/07\/ROD_16_jackotoy.webp\" data-large_image_width=\"950\" data-large_image_height=\"950\" srcset=\"https:\/\/www.jackotoy.fr\/wp-content\/uploads\/2025\/07\/ROD_16_jackotoy-500x500.webp 500w, https:\/\/www.jackotoy.fr\/wp-content\/uploads\/2025\/07\/ROD_16_jackotoy-480x480.webp 480w\" sizes=\"(min-width: 0px) and (max-width: 480px) 480px, (min-width: 481px) 500px, 100vw\" \/><\/a><\/div>\t<\/div>\n<\/div>\n\n\t\t\t\t<\/div>\n\t\t\t<\/div>\n\t\t\t<\/div><div class=\"et_d4_element et_pb_column_1_2 et_pb_column et_pb_column_2  et_pb_css_mix_blend_mode et-last-child et_block_column\">\n\t\t\t\t\n\t\t\t\t\n\t\t\t\t\n\t\t\t\t\n\t\t\t\t<div class=\"et_pb_module et_d4_element et_pb_wc_title et_pb_wc_title_0 et_pb_bg_layout_light\">\n\t\t\t\t\n\t\t\t\t\n\t\t\t\t\n\t\t\t\t\n\t\t\t\t\n\t\t\t\t\n\t\t\t\t<div class=\"et_pb_module_inner\">\n\t\t\t\t\t\n\t\t<h1>Rod Small\/Firm<\/h1>\n\t\t\t\t<\/div>\n\t\t\t<\/div><div class=\"et_pb_module et_d4_element et_pb_wc_price et_pb_wc_price_0\">\n\t\t\t\t\n\t\t\t\t\n\t\t\t\t\n\t\t\t\t\n\t\t\t\t\n\t\t\t\t\n\t\t\t\t<div class=\"et_pb_module_inner\">\n\t\t\t\t\t<p class=\"price\"><span class=\"woocommerce-Price-amount amount\"><bdi>60,00&nbsp;<span class=\"woocommerce-Price-currencySymbol\">&euro;<\/span><\/bdi><\/span><\/p>\n\n\t\t\t\t<\/div>\n\t\t\t<\/div><div class=\"et_pb_module et_d4_element et_pb_text et_pb_text_0  et_pb_text_align_left et_pb_bg_layout_light\">\n\t\t\t\t\n\t\t\t\t\n\t\t\t\t\n\t\t\t\t\n\t\t\t\t<div class=\"et_pb_text_inner\">Prices exclude VAT, article 293 B of the French General Tax Code.<\/div>\n\t\t\t<\/div><div class=\"et_pb_module et_d4_element et_pb_accordion et_pb_accordion_0\">\n\t\t\t\t\n\t\t\t\t\n\t\t\t\t\n\t\t\t\t\n\t\t\t\t<div class=\"et_pb_toggle et_pb_module et_d4_element et_pb_accordion_item et_pb_accordion_item_0  et_pb_toggle_open\">\n\t\t\t\t\n\t\t\t\t\n\t\t\t\t\n\t\t\t\t\n\t\t\t\t<h5 class=\"et_pb_toggle_title\">Description<\/h5>\n\t\t\t\t<div class=\"et_pb_toggle_content clearfix\"><p><strong><span style=\"text-decoration: underline;\">Size<\/span>:<\/strong> <span style=\"color: #ff7b00; font-size: large;\"><strong>Medium<\/strong><\/span><br \/><strong><span style=\"text-decoration: underline;\">Firmness<\/span> : <\/strong> <span style=\"color: #ff7b00; font-size: large;\"><strong>Medium<\/strong><\/span><\/p>\n<p>Unique model The Claw, already made, only one available.<\/p>\n<p>You are buying the model shown in the pictures.<\/p><\/div>\n\t\t\t<\/div><div class=\"et_pb_toggle et_pb_module et_d4_element et_pb_accordion_item et_pb_accordion_item_1  et_pb_toggle_close\">\n\t\t\t\t\n\t\t\t\t\n\t\t\t\t\n\t\t\t\t\n\t\t\t\t<h5 class=\"et_pb_toggle_title\">Dimensions<\/h5>\n\t\t\t\t<div class=\"et_pb_toggle_content clearfix\"><p>Dimensions <span style=\"color: #ff7b00;\"><strong>Medium<\/strong><\/span> :<\/p>\n<p>Length: 16,5 cm \/ 6.5 in<br \/>Insertable length: 13 cm \/ 5.1 in<br \/>Maximum diameter: 5,6 cm \/ 2.2 in<br \/>Maximum circumference: 17,5 cm \/ 6.9 in<\/p><\/div>\n\t\t\t<\/div>\n\t\t\t<\/div><div class=\"et_pb_module et_d4_element et_pb_wc_add_to_cart et_pb_wc_add_to_cart_0 et_pb_fields_label_position_default et_pb_bg_layout_ et_pb_woo_custom_button_icon  et_pb_text_align_left\" data-button-class=\"single_add_to_cart_button\" data-button-icon=\"E\" data-button-icon-tablet=\"\" data-button-icon-phone=\"\">\n\t\t\t\t\n\t\t\t\t\n\t\t\t\t\n\t\t\t\t\n\t\t\t\t\n\t\t\t\t\n\t\t\t\t<div class=\"et_pb_module_inner\">\n\t\t\t\t\t<p class=\"stock out-of-stock\" data-no-translation=\"\" data-trp-gettext=\"\">Sold!<\/p>\n\n\t\t\t\t<\/div>\n\t\t\t<\/div><div class=\"et_pb_module et_d4_element et_pb_wc_meta et_pb_wc_meta_0 et_pb_bg_layout_ et_pb_wc_no_sku et_pb_wc_no_tags et_pb_wc_meta_layout_inline\">\n\t\t\t\t\n\t\t\t\t\n\t\t\t\t\n\t\t\t\t\n\t\t\t\t\n\t\t\t\t\n\t\t\t\t<div class=\"et_pb_module_inner\">\n\t\t\t\t\t<div class=\"product_meta\">\n\n\t\n\t\n\t\t<span class=\"sku_wrapper\">UGS\u00a0: <span class=\"sku\">ROD_16<\/span><\/span>\n\n\t\n\t<span class=\"posted_in\">Category: <a href=\"https:\/\/www.jackotoy.fr\/en\/product-category\/rod\/\" rel=\"tag\">Rod<\/a><\/span>\n\t<span class=\"tagged_as\">Tags: <a href=\"https:\/\/www.jackotoy.fr\/en\/product-tag\/drop-fete-nat\/\" rel=\"tag\">Drop f\u00eate-nat.<\/a>, <a href=\"https:\/\/www.jackotoy.fr\/en\/product-tag\/firm-firmness\/\" rel=\"tag\">Firm Firmness<\/a>, <a href=\"https:\/\/www.jackotoy.fr\/en\/product-tag\/ready-made\/\" rel=\"tag\">Ready-Made<\/a>, <a href=\"https:\/\/www.jackotoy.fr\/en\/product-tag\/small-size\/\" rel=\"tag\">Small Size<\/a><\/span>\n\t\n<\/div>\n\n\t\t\t\t<\/div>\n\t\t\t<\/div>\n\t\t\t<\/div>\n\t\t\t\t\n\t\t\t\t\n\t\t\t\t\n\t\t\t\t\n\t\t\t<\/div><div class=\"et_pb_with_border et_d4_element et_pb_row et_pb_row_2 et_pb_equal_columns  et_pb_css_mix_blend_mode et_block_row\">\n\t\t\t\t<div class=\"et_d4_element et_pb_column_4_4 et_pb_column et_pb_column_3  et_pb_css_mix_blend_mode et-last-child et_block_column et_pb_column_empty\">\n\t\t\t\t\n\t\t\t\t\n\t\t\t\t\n\t\t\t\t\n\t\t\t\t\n\t\t\t<\/div>\n\t\t\t\t\n\t\t\t\t\n\t\t\t\t\n\t\t\t\t\n\t\t\t<\/div>\n\t\t\t\t\n\t\t\t\t\n\t\t\t<\/div>","protected":false},"excerpt":{"rendered":"<p>Claw model, ready-made.<br \/>\nMedium size, Soft firmness.<\/p>","protected":false},"featured_media":244632,"comment_status":"open","ping_status":"closed","template":"","meta":{"_et_pb_use_builder":"on","_et_pb_old_content":"[et_pb_section fb_built=\"1\" _builder_version=\"4.14.7\" background_color=\"RGBA(255,255,255,0)\" custom_padding=\"0px||||false|false\" global_colors_info=\"{}\"][et_pb_row _builder_version=\"4.14.7\" background_color=\"RGBA(255,255,255,0)\" background_size=\"initial\" background_position=\"top_left\" background_repeat=\"repeat\" width=\"100%\" custom_padding=\"0px||0px||false|false\" global_colors_info=\"{}\"][et_pb_column type=\"4_4\" _builder_version=\"3.25\" custom_padding=\"|||\" global_colors_info=\"{}\" custom_padding__hover=\"|||\"][et_pb_wc_cart_notice global_colors_info=\"{}\"][\/et_pb_wc_cart_notice][\/et_pb_column][\/et_pb_row][et_pb_row column_structure=\"1_2,1_2\" _builder_version=\"4.14.8\" background_color=\"RGBA(255,255,255,0)\" background_size=\"initial\" background_position=\"top_left\" background_repeat=\"repeat\" width=\"100%\" custom_padding=\"0px||||false|false\" global_colors_info=\"{}\"][et_pb_column type=\"1_2\" _builder_version=\"3.25\" custom_padding=\"|||\" global_colors_info=\"{}\" custom_padding__hover=\"|||\"][et_pb_wc_images _builder_version=\"4.14.7\" box_shadow_style_image=\"preset1\" box_shadow_blur_image=\"15px\" box_shadow_color_image=\"#FF7B00\" global_colors_info=\"{}\"][\/et_pb_wc_images][\/et_pb_column][et_pb_column type=\"1_2\" _builder_version=\"3.25\" custom_padding=\"|||\" global_colors_info=\"{}\" custom_padding__hover=\"|||\"][et_pb_wc_title _builder_version=\"3.0.47\" global_colors_info=\"{}\"][\/et_pb_wc_title][et_pb_wc_rating _builder_version=\"4.14.7\" global_colors_info=\"{}\"][\/et_pb_wc_rating][et_pb_wc_price _builder_version=\"4.14.8\" body_font_size=\"40px\" custom_margin=\"||7px|||\" global_colors_info=\"{}\"][\/et_pb_wc_price][et_pb_text _builder_version=\"4.14.8\" _module_preset=\"6d43fa28-7f7d-4ca9-aef8-3637f32d99aa\" text_text_color=\"#C1C1C1\" text_font_size=\"11px\" text_font_size_last_edited=\"off|desktop\" global_colors_info=\"{}\"]\r\n\r\nPrix HT, TVA non applicable, article 293 B du code g\u00e9n\u00e9ral des imp\u00f4ts.\r\n\r\n[\/et_pb_text][et_pb_accordion _builder_version=\"4.14.7\" _module_preset=\"default\" background_color=\"RGBA(255,255,255,0)\" global_colors_info=\"{}\"][et_pb_accordion_item title=\"Description\" open=\"on\" _builder_version=\"4.14.7\" _module_preset=\"default\" global_colors_info=\"{}\"]\r\n\r\n<strong><span style=\"text-decoration: underline\">Taille<\/span> :<\/strong> <span style=\"color: #ff7b00;font-size: large\"><strong>Medium<\/strong><\/span>\r\n<strong><span style=\"text-decoration: underline\">Fermet\u00e9<\/span> : <span style=\"color: #40dd1c;font-size: large\">Soft<\/span><\/strong>\r\n\r\nMod\u00e8le unique Walton The Werefox, d\u00e9j\u00e0 r\u00e9alis\u00e9, un seul exemplaire de disponible.\r\n\r\nVeuillez consulter la <a href=\"https:\/\/www.jackotoy.fr\/walton\/\"><strong>page du mod\u00e8le<\/strong><\/a> pour acc\u00e9der \u00e0 la description d\u00e9taill\u00e9.\r\n\r\nVous achetez le mod\u00e8le pr\u00e9sent sur les photos.\r\n\r\n[\/et_pb_accordion_item][et_pb_accordion_item title=\"Dimensions\" _builder_version=\"4.14.7\" _module_preset=\"default\" global_colors_info=\"{}\" open=\"off\"]\r\n\r\nDimensions <span style=\"color: #ff7b00\"><strong>Medium<\/strong><\/span> :\r\n\r\nLongueur : 19 cm \/ 7.5 in\r\nLongueur ins\u00e9rable : 16,5 cm \/ 6.5 in\r\nCirconf\u00e9rence du gland : 11 cm \/ 4.3 in\r\nDiam\u00e8tre du gland : 3,5 cm \/ 1.4 in\r\nCirconf\u00e9rence du corps : 14 cm \/ 5.5 in\r\nDiam\u00e8tre du corps : 4,5 cm \/ 1.8 in\r\nCirconf\u00e9rence du \"knot\" : 20 cm \/ 7.9 in\r\nDiam\u00e8tre du \"knot\" : 6,4 cm \/ 2.5 in\r\n\r\n[\/et_pb_accordion_item][\/et_pb_accordion][et_pb_wc_add_to_cart _builder_version=\"4.14.7\" global_colors_info=\"{}\"][\/et_pb_wc_add_to_cart][et_pb_wc_meta show_sku=\"off\" show_tags=\"off\" _builder_version=\"4.14.7\" global_colors_info=\"{}\"][\/et_pb_wc_meta][\/et_pb_column][\/et_pb_row][et_pb_row _builder_version=\"4.14.7\" background_color=\"RGBA(255,255,255,0)\" background_size=\"initial\" background_position=\"top_left\" background_repeat=\"repeat\" width=\"100%\" global_colors_info=\"{}\"][et_pb_column type=\"4_4\" _builder_version=\"3.25\" custom_padding=\"|||\" global_colors_info=\"{}\" custom_padding__hover=\"|||\"][et_pb_wc_upsells admin_label=\"Woo Product Upsell\" _builder_version=\"3.0.47\" global_colors_info=\"{}\"][\/et_pb_wc_upsells][et_pb_wc_related_products columns_number=\"5\" include_categories=\"current\" show_name=\"off\" show_price=\"off\" show_rating=\"off\" admin_label=\"Woo Produits connexes\" _builder_version=\"4.14.7\" background_color=\"RGBA(255,255,255,0)\" global_colors_info=\"{}\"][\/et_pb_wc_related_products][\/et_pb_column][\/et_pb_row][\/et_pb_section]","_et_gb_content_width":""},"product_brand":[],"product_cat":[265],"product_tag":[410,400,493],"class_list":{"0":"post-236655","1":"product","2":"type-product","3":"status-publish","4":"has-post-thumbnail","6":"product_cat-claw","7":"product_tag-medium-firmness","8":"product_tag-medium-size","9":"product_tag-ready-made","10":"product_shipping_class-colis","11":"pa_firmness-medium","12":"pa_size-medium","14":"first","15":"instock","16":"sold-individually","17":"shipping-taxable","18":"purchasable","19":"product-type-simple"},"yoast_head":"<!-- This site is optimized with the Yoast SEO plugin v27.3 - https:\/\/yoast.com\/product\/yoast-seo-wordpress\/ -->\n<title>Claw Medium\/Medium - Jack O&#039;Toy<\/title>\n<meta name=\"robots\" content=\"index, follow, max-snippet:-1, max-image-preview:large, max-video-preview:-1\" \/>\n<link rel=\"canonical\" href=\"https:\/\/www.jackotoy.fr\/en\/product\/claw-medium-soft-2\/\" \/>\n<meta property=\"og:locale\" content=\"en_GB\" \/>\n<meta property=\"og:type\" content=\"article\" \/>\n<meta property=\"og:title\" content=\"Claw Medium\/Medium - Jack O&#039;Toy\" \/>\n<meta property=\"og:description\" content=\"Claw model, ready-made. Medium size, Soft firmness.\" \/>\n<meta property=\"og:url\" content=\"https:\/\/www.jackotoy.fr\/en\/product\/claw-medium-soft-2\/\" \/>\n<meta property=\"og:site_name\" content=\"Jack O&#039;Toy\" \/>\n<meta property=\"article:modified_time\" content=\"2025-07-31T16:23:21+00:00\" \/>\n<meta property=\"og:image\" content=\"https:\/\/www.jackotoy.fr\/wp-content\/uploads\/2022\/03\/CLW_02_legacy_jackotoy.webp\" \/>\n\t<meta property=\"og:image:width\" content=\"950\" \/>\n\t<meta property=\"og:image:height\" content=\"950\" \/>\n\t<meta property=\"og:image:type\" content=\"image\/webp\" \/>\n<meta name=\"twitter:card\" content=\"summary_large_image\" \/>\n<meta name=\"twitter:site\" content=\"@JackOToy\" \/>\n<meta name=\"twitter:label1\" content=\"Estimated reading time\" \/>\n\t<meta name=\"twitter:data1\" content=\"2 minutes\" \/>\n<script type=\"application\/ld+json\" class=\"yoast-schema-graph\">{\"@context\":\"https:\\\/\\\/schema.org\",\"@graph\":[{\"@type\":\"WebPage\",\"@id\":\"https:\\\/\\\/www.jackotoy.fr\\\/produit\\\/claw-medium-soft-2\\\/\",\"url\":\"https:\\\/\\\/www.jackotoy.fr\\\/produit\\\/claw-medium-soft-2\\\/\",\"name\":\"Claw Medium\\\/Medium - Jack O&#039;Toy\",\"isPartOf\":{\"@id\":\"https:\\\/\\\/www.jackotoy.fr\\\/#website\"},\"primaryImageOfPage\":{\"@id\":\"https:\\\/\\\/www.jackotoy.fr\\\/produit\\\/claw-medium-soft-2\\\/#primaryimage\"},\"image\":{\"@id\":\"https:\\\/\\\/www.jackotoy.fr\\\/produit\\\/claw-medium-soft-2\\\/#primaryimage\"},\"thumbnailUrl\":\"https:\\\/\\\/www.jackotoy.fr\\\/wp-content\\\/uploads\\\/2022\\\/03\\\/CLW_02_legacy_jackotoy.webp\",\"datePublished\":\"2022-03-21T15:53:10+00:00\",\"dateModified\":\"2025-07-31T16:23:21+00:00\",\"breadcrumb\":{\"@id\":\"https:\\\/\\\/www.jackotoy.fr\\\/produit\\\/claw-medium-soft-2\\\/#breadcrumb\"},\"inLanguage\":\"en-GB\",\"potentialAction\":[{\"@type\":\"ReadAction\",\"target\":[\"https:\\\/\\\/www.jackotoy.fr\\\/produit\\\/claw-medium-soft-2\\\/\"]}]},{\"@type\":\"ImageObject\",\"inLanguage\":\"en-GB\",\"@id\":\"https:\\\/\\\/www.jackotoy.fr\\\/produit\\\/claw-medium-soft-2\\\/#primaryimage\",\"url\":\"https:\\\/\\\/www.jackotoy.fr\\\/wp-content\\\/uploads\\\/2022\\\/03\\\/CLW_02_legacy_jackotoy.webp\",\"contentUrl\":\"https:\\\/\\\/www.jackotoy.fr\\\/wp-content\\\/uploads\\\/2022\\\/03\\\/CLW_02_legacy_jackotoy.webp\",\"width\":950,\"height\":950},{\"@type\":\"BreadcrumbList\",\"@id\":\"https:\\\/\\\/www.jackotoy.fr\\\/produit\\\/claw-medium-soft-2\\\/#breadcrumb\",\"itemListElement\":[{\"@type\":\"ListItem\",\"position\":1,\"name\":\"Accueil\",\"item\":\"https:\\\/\\\/www.jackotoy.fr\\\/\"},{\"@type\":\"ListItem\",\"position\":2,\"name\":\"Boutique\",\"item\":\"https:\\\/\\\/www.jackotoy.fr\\\/boutique\\\/\"},{\"@type\":\"ListItem\",\"position\":3,\"name\":\"Claw Medium\\\/Medium\"}]},{\"@type\":\"WebSite\",\"@id\":\"https:\\\/\\\/www.jackotoy.fr\\\/#website\",\"url\":\"https:\\\/\\\/www.jackotoy.fr\\\/\",\"name\":\"Jack O'Toy\",\"description\":\"Votre plaisir est unique.\",\"publisher\":{\"@id\":\"https:\\\/\\\/www.jackotoy.fr\\\/#organization\"},\"potentialAction\":[{\"@type\":\"SearchAction\",\"target\":{\"@type\":\"EntryPoint\",\"urlTemplate\":\"https:\\\/\\\/www.jackotoy.fr\\\/?s={search_term_string}\"},\"query-input\":{\"@type\":\"PropertyValueSpecification\",\"valueRequired\":true,\"valueName\":\"search_term_string\"}}],\"inLanguage\":\"en-GB\"},{\"@type\":\"Organization\",\"@id\":\"https:\\\/\\\/www.jackotoy.fr\\\/#organization\",\"name\":\"Jack O'Toy\",\"url\":\"https:\\\/\\\/www.jackotoy.fr\\\/\",\"logo\":{\"@type\":\"ImageObject\",\"inLanguage\":\"en-GB\",\"@id\":\"https:\\\/\\\/www.jackotoy.fr\\\/#\\\/schema\\\/logo\\\/image\\\/\",\"url\":\"\",\"contentUrl\":\"\",\"caption\":\"Jack O'Toy\"},\"image\":{\"@id\":\"https:\\\/\\\/www.jackotoy.fr\\\/#\\\/schema\\\/logo\\\/image\\\/\"},\"sameAs\":[\"https:\\\/\\\/x.com\\\/JackOToy\",\"https:\\\/\\\/www.instagram.com\\\/jackotoy\\\/\"]}]}<\/script>\n<!-- \/ Yoast SEO plugin. -->","yoast_head_json":{"title":"Claw Medium\/Medium - Jack O&#039;Toy","robots":{"index":"index","follow":"follow","max-snippet":"max-snippet:-1","max-image-preview":"max-image-preview:large","max-video-preview":"max-video-preview:-1"},"canonical":"https:\/\/www.jackotoy.fr\/en\/product\/claw-medium-soft-2\/","og_locale":"en_GB","og_type":"article","og_title":"Claw Medium\/Medium - Jack O&#039;Toy","og_description":"Claw model, ready-made. Medium size, Soft firmness.","og_url":"https:\/\/www.jackotoy.fr\/en\/product\/claw-medium-soft-2\/","og_site_name":"Jack O&#039;Toy","article_modified_time":"2025-07-31T16:23:21+00:00","og_image":[{"width":950,"height":950,"url":"https:\/\/www.jackotoy.fr\/wp-content\/uploads\/2022\/03\/CLW_02_legacy_jackotoy.webp","type":"image\/webp"}],"twitter_card":"summary_large_image","twitter_site":"@JackOToy","twitter_misc":{"Estimated reading time":"2 minutes"},"schema":{"@context":"https:\/\/schema.org","@graph":[{"@type":"WebPage","@id":"https:\/\/www.jackotoy.fr\/produit\/claw-medium-soft-2\/","url":"https:\/\/www.jackotoy.fr\/produit\/claw-medium-soft-2\/","name":"Claw Medium\/Medium - Jack O&#039;Toy","isPartOf":{"@id":"https:\/\/www.jackotoy.fr\/#website"},"primaryImageOfPage":{"@id":"https:\/\/www.jackotoy.fr\/produit\/claw-medium-soft-2\/#primaryimage"},"image":{"@id":"https:\/\/www.jackotoy.fr\/produit\/claw-medium-soft-2\/#primaryimage"},"thumbnailUrl":"https:\/\/www.jackotoy.fr\/wp-content\/uploads\/2022\/03\/CLW_02_legacy_jackotoy.webp","datePublished":"2022-03-21T15:53:10+00:00","dateModified":"2025-07-31T16:23:21+00:00","breadcrumb":{"@id":"https:\/\/www.jackotoy.fr\/produit\/claw-medium-soft-2\/#breadcrumb"},"inLanguage":"en-GB","potentialAction":[{"@type":"ReadAction","target":["https:\/\/www.jackotoy.fr\/produit\/claw-medium-soft-2\/"]}]},{"@type":"ImageObject","inLanguage":"en-GB","@id":"https:\/\/www.jackotoy.fr\/produit\/claw-medium-soft-2\/#primaryimage","url":"https:\/\/www.jackotoy.fr\/wp-content\/uploads\/2022\/03\/CLW_02_legacy_jackotoy.webp","contentUrl":"https:\/\/www.jackotoy.fr\/wp-content\/uploads\/2022\/03\/CLW_02_legacy_jackotoy.webp","width":950,"height":950},{"@type":"BreadcrumbList","@id":"https:\/\/www.jackotoy.fr\/produit\/claw-medium-soft-2\/#breadcrumb","itemListElement":[{"@type":"ListItem","position":1,"name":"Accueil","item":"https:\/\/www.jackotoy.fr\/"},{"@type":"ListItem","position":2,"name":"Boutique","item":"https:\/\/www.jackotoy.fr\/boutique\/"},{"@type":"ListItem","position":3,"name":"Claw Medium\/Medium"}]},{"@type":"WebSite","@id":"https:\/\/www.jackotoy.fr\/#website","url":"https:\/\/www.jackotoy.fr\/","name":"Jack O'Toy","description":"Votre plaisir est unique.","publisher":{"@id":"https:\/\/www.jackotoy.fr\/#organization"},"potentialAction":[{"@type":"SearchAction","target":{"@type":"EntryPoint","urlTemplate":"https:\/\/www.jackotoy.fr\/?s={search_term_string}"},"query-input":{"@type":"PropertyValueSpecification","valueRequired":true,"valueName":"search_term_string"}}],"inLanguage":"en-GB"},{"@type":"Organization","@id":"https:\/\/www.jackotoy.fr\/#organization","name":"Jack O'Toy","url":"https:\/\/www.jackotoy.fr\/","logo":{"@type":"ImageObject","inLanguage":"en-GB","@id":"https:\/\/www.jackotoy.fr\/#\/schema\/logo\/image\/","url":"","contentUrl":"","caption":"Jack O'Toy"},"image":{"@id":"https:\/\/www.jackotoy.fr\/#\/schema\/logo\/image\/"},"sameAs":["https:\/\/x.com\/JackOToy","https:\/\/www.instagram.com\/jackotoy\/"]}]}},"wcpa_form_fields":null,"_links":{"self":[{"href":"https:\/\/www.jackotoy.fr\/en\/wp-json\/wp\/v2\/product\/236655","targetHints":{"allow":["GET"]}}],"collection":[{"href":"https:\/\/www.jackotoy.fr\/en\/wp-json\/wp\/v2\/product"}],"about":[{"href":"https:\/\/www.jackotoy.fr\/en\/wp-json\/wp\/v2\/types\/product"}],"replies":[{"embeddable":true,"href":"https:\/\/www.jackotoy.fr\/en\/wp-json\/wp\/v2\/comments?post=236655"}],"wp:featuredmedia":[{"embeddable":true,"href":"https:\/\/www.jackotoy.fr\/en\/wp-json\/wp\/v2\/media\/244632"}],"wp:attachment":[{"href":"https:\/\/www.jackotoy.fr\/en\/wp-json\/wp\/v2\/media?parent=236655"}],"wp:term":[{"taxonomy":"product_brand","embeddable":true,"href":"https:\/\/www.jackotoy.fr\/en\/wp-json\/wp\/v2\/product_brand?post=236655"},{"taxonomy":"product_cat","embeddable":true,"href":"https:\/\/www.jackotoy.fr\/en\/wp-json\/wp\/v2\/product_cat?post=236655"},{"taxonomy":"product_tag","embeddable":true,"href":"https:\/\/www.jackotoy.fr\/en\/wp-json\/wp\/v2\/product_tag?post=236655"}],"curies":[{"name":"wp","href":"https:\/\/api.w.org\/{rel}","templated":true}]}}