{"id":242031,"date":"2023-11-30T22:04:23","date_gmt":"2023-11-30T21:04:23","guid":{"rendered":"https:\/\/www.jackotoy.fr\/?post_type=product&#038;p=242031"},"modified":"2026-02-20T19:24:32","modified_gmt":"2026-02-20T18:24:32","slug":"pipou-de-satan","status":"publish","type":"product","link":"https:\/\/www.jackotoy.fr\/en\/product\/pipou-de-satan\/","title":{"rendered":"Pipou de Satan"},"content":{"rendered":"","protected":false},"excerpt":{"rendered":"","protected":false},"featured_media":242075,"comment_status":"open","ping_status":"closed","template":"","meta":[],"product_brand":[],"product_cat":[494],"product_tag":[],"class_list":{"0":"post-242031","1":"product","2":"type-product","3":"status-publish","4":"has-post-thumbnail","6":"product_cat-pipou-de-satan","7":"product_shipping_class-colis","9":"first","10":"instock","11":"shipping-taxable","12":"purchasable","13":"product-type-variable"},"yoast_head":"<!-- This site is optimized with the Yoast SEO plugin v27.4 - https:\/\/yoast.com\/product\/yoast-seo-wordpress\/ -->\n<title>Pipou de Satan - Jack O&#039;Toy<\/title>\n<meta name=\"description\" content=\"Vous en avez r\u00eav\u00e9 ? Le Pipou de Satan ! Laissez-vous p\u00e9n\u00e9trer par le Diable, bifflez vos potes, ou affichez-le fi\u00e8rement sur votre chemin\u00e9e de l\u2019enfer !\" \/>\n<meta name=\"robots\" content=\"index, follow, max-snippet:-1, max-image-preview:large, max-video-preview:-1\" \/>\n<link rel=\"canonical\" href=\"https:\/\/www.jackotoy.fr\/en\/product\/pipou-de-satan\/\" \/>\n<meta property=\"og:locale\" content=\"en_GB\" \/>\n<meta property=\"og:type\" content=\"article\" \/>\n<meta property=\"og:title\" content=\"Pipou de Satan - Jack O&#039;Toy\" \/>\n<meta property=\"og:description\" content=\"Vous en avez r\u00eav\u00e9 ? Le Pipou de Satan ! Laissez-vous p\u00e9n\u00e9trer par le Diable, bifflez vos potes, ou affichez-le fi\u00e8rement sur votre chemin\u00e9e de l\u2019enfer !\" \/>\n<meta property=\"og:url\" content=\"https:\/\/www.jackotoy.fr\/en\/product\/pipou-de-satan\/\" \/>\n<meta property=\"og:site_name\" content=\"Jack O&#039;Toy\" \/>\n<meta property=\"article:modified_time\" content=\"2026-02-20T18:24:32+00:00\" \/>\n<meta property=\"og:image\" content=\"https:\/\/www.jackotoy.fr\/wp-content\/uploads\/2023\/12\/002_pipou_creve_jackotoy.webp\" \/>\n\t<meta property=\"og:image:width\" content=\"2000\" \/>\n\t<meta property=\"og:image:height\" content=\"2000\" \/>\n\t<meta property=\"og:image:type\" content=\"image\/webp\" \/>\n<meta name=\"twitter:card\" content=\"summary_large_image\" \/>\n<meta name=\"twitter:site\" content=\"@JackOToy\" \/>\n<script type=\"application\/ld+json\" class=\"yoast-schema-graph\">{\"@context\":\"https:\\\/\\\/schema.org\",\"@graph\":[{\"@type\":\"WebPage\",\"@id\":\"https:\\\/\\\/www.jackotoy.fr\\\/produit\\\/pipou-de-satan\\\/\",\"url\":\"https:\\\/\\\/www.jackotoy.fr\\\/produit\\\/pipou-de-satan\\\/\",\"name\":\"Pipou de Satan - Jack O&#039;Toy\",\"isPartOf\":{\"@id\":\"https:\\\/\\\/www.jackotoy.fr\\\/#website\"},\"primaryImageOfPage\":{\"@id\":\"https:\\\/\\\/www.jackotoy.fr\\\/produit\\\/pipou-de-satan\\\/#primaryimage\"},\"image\":{\"@id\":\"https:\\\/\\\/www.jackotoy.fr\\\/produit\\\/pipou-de-satan\\\/#primaryimage\"},\"thumbnailUrl\":\"https:\\\/\\\/www.jackotoy.fr\\\/wp-content\\\/uploads\\\/2023\\\/12\\\/002_pipou_creve_jackotoy.webp\",\"datePublished\":\"2023-11-30T21:04:23+00:00\",\"dateModified\":\"2026-02-20T18:24:32+00:00\",\"description\":\"Vous en avez r\u00eav\u00e9 ? Le Pipou de Satan ! Laissez-vous p\u00e9n\u00e9trer par le Diable, bifflez vos potes, ou affichez-le fi\u00e8rement sur votre chemin\u00e9e de l\u2019enfer !\",\"breadcrumb\":{\"@id\":\"https:\\\/\\\/www.jackotoy.fr\\\/produit\\\/pipou-de-satan\\\/#breadcrumb\"},\"inLanguage\":\"en-GB\",\"potentialAction\":[{\"@type\":\"ReadAction\",\"target\":[\"https:\\\/\\\/www.jackotoy.fr\\\/produit\\\/pipou-de-satan\\\/\"]}]},{\"@type\":\"ImageObject\",\"inLanguage\":\"en-GB\",\"@id\":\"https:\\\/\\\/www.jackotoy.fr\\\/produit\\\/pipou-de-satan\\\/#primaryimage\",\"url\":\"https:\\\/\\\/www.jackotoy.fr\\\/wp-content\\\/uploads\\\/2023\\\/12\\\/002_pipou_creve_jackotoy.webp\",\"contentUrl\":\"https:\\\/\\\/www.jackotoy.fr\\\/wp-content\\\/uploads\\\/2023\\\/12\\\/002_pipou_creve_jackotoy.webp\",\"width\":2000,\"height\":2000,\"caption\":\"Pipou de Satan par Ergo et JackOToy pour Cr\u00e8ve Clothing Noir paillet\u00e9\"},{\"@type\":\"BreadcrumbList\",\"@id\":\"https:\\\/\\\/www.jackotoy.fr\\\/produit\\\/pipou-de-satan\\\/#breadcrumb\",\"itemListElement\":[{\"@type\":\"ListItem\",\"position\":1,\"name\":\"Accueil\",\"item\":\"https:\\\/\\\/www.jackotoy.fr\\\/\"},{\"@type\":\"ListItem\",\"position\":2,\"name\":\"Boutique\",\"item\":\"https:\\\/\\\/www.jackotoy.fr\\\/boutique\\\/\"},{\"@type\":\"ListItem\",\"position\":3,\"name\":\"Pipou de Satan\"}]},{\"@type\":\"WebSite\",\"@id\":\"https:\\\/\\\/www.jackotoy.fr\\\/#website\",\"url\":\"https:\\\/\\\/www.jackotoy.fr\\\/\",\"name\":\"Jack O'Toy\",\"description\":\"Votre plaisir est unique.\",\"publisher\":{\"@id\":\"https:\\\/\\\/www.jackotoy.fr\\\/#organization\"},\"potentialAction\":[{\"@type\":\"SearchAction\",\"target\":{\"@type\":\"EntryPoint\",\"urlTemplate\":\"https:\\\/\\\/www.jackotoy.fr\\\/?s={search_term_string}\"},\"query-input\":{\"@type\":\"PropertyValueSpecification\",\"valueRequired\":true,\"valueName\":\"search_term_string\"}}],\"inLanguage\":\"en-GB\"},{\"@type\":\"Organization\",\"@id\":\"https:\\\/\\\/www.jackotoy.fr\\\/#organization\",\"name\":\"Jack O'Toy\",\"url\":\"https:\\\/\\\/www.jackotoy.fr\\\/\",\"logo\":{\"@type\":\"ImageObject\",\"inLanguage\":\"en-GB\",\"@id\":\"https:\\\/\\\/www.jackotoy.fr\\\/#\\\/schema\\\/logo\\\/image\\\/\",\"url\":\"\",\"contentUrl\":\"\",\"caption\":\"Jack O'Toy\"},\"image\":{\"@id\":\"https:\\\/\\\/www.jackotoy.fr\\\/#\\\/schema\\\/logo\\\/image\\\/\"},\"sameAs\":[\"https:\\\/\\\/x.com\\\/JackOToy\",\"https:\\\/\\\/www.instagram.com\\\/jackotoy\\\/\"]}]}<\/script>\n<!-- \/ Yoast SEO plugin. -->","yoast_head_json":{"title":"Pipou de Satan - Jack O&#039;Toy","description":"Vous en avez r\u00eav\u00e9 ? Le Pipou de Satan ! Laissez-vous p\u00e9n\u00e9trer par le Diable, bifflez vos potes, ou affichez-le fi\u00e8rement sur votre chemin\u00e9e de l\u2019enfer !","robots":{"index":"index","follow":"follow","max-snippet":"max-snippet:-1","max-image-preview":"max-image-preview:large","max-video-preview":"max-video-preview:-1"},"canonical":"https:\/\/www.jackotoy.fr\/en\/product\/pipou-de-satan\/","og_locale":"en_GB","og_type":"article","og_title":"Pipou de Satan - Jack O&#039;Toy","og_description":"Vous en avez r\u00eav\u00e9 ? Le Pipou de Satan ! Laissez-vous p\u00e9n\u00e9trer par le Diable, bifflez vos potes, ou affichez-le fi\u00e8rement sur votre chemin\u00e9e de l\u2019enfer !","og_url":"https:\/\/www.jackotoy.fr\/en\/product\/pipou-de-satan\/","og_site_name":"Jack O&#039;Toy","article_modified_time":"2026-02-20T18:24:32+00:00","og_image":[{"width":2000,"height":2000,"url":"https:\/\/www.jackotoy.fr\/wp-content\/uploads\/2023\/12\/002_pipou_creve_jackotoy.webp","type":"image\/webp"}],"twitter_card":"summary_large_image","twitter_site":"@JackOToy","schema":{"@context":"https:\/\/schema.org","@graph":[{"@type":"WebPage","@id":"https:\/\/www.jackotoy.fr\/produit\/pipou-de-satan\/","url":"https:\/\/www.jackotoy.fr\/produit\/pipou-de-satan\/","name":"Pipou de Satan - Jack O&#039;Toy","isPartOf":{"@id":"https:\/\/www.jackotoy.fr\/#website"},"primaryImageOfPage":{"@id":"https:\/\/www.jackotoy.fr\/produit\/pipou-de-satan\/#primaryimage"},"image":{"@id":"https:\/\/www.jackotoy.fr\/produit\/pipou-de-satan\/#primaryimage"},"thumbnailUrl":"https:\/\/www.jackotoy.fr\/wp-content\/uploads\/2023\/12\/002_pipou_creve_jackotoy.webp","datePublished":"2023-11-30T21:04:23+00:00","dateModified":"2026-02-20T18:24:32+00:00","description":"Vous en avez r\u00eav\u00e9 ? Le Pipou de Satan ! Laissez-vous p\u00e9n\u00e9trer par le Diable, bifflez vos potes, ou affichez-le fi\u00e8rement sur votre chemin\u00e9e de l\u2019enfer !","breadcrumb":{"@id":"https:\/\/www.jackotoy.fr\/produit\/pipou-de-satan\/#breadcrumb"},"inLanguage":"en-GB","potentialAction":[{"@type":"ReadAction","target":["https:\/\/www.jackotoy.fr\/produit\/pipou-de-satan\/"]}]},{"@type":"ImageObject","inLanguage":"en-GB","@id":"https:\/\/www.jackotoy.fr\/produit\/pipou-de-satan\/#primaryimage","url":"https:\/\/www.jackotoy.fr\/wp-content\/uploads\/2023\/12\/002_pipou_creve_jackotoy.webp","contentUrl":"https:\/\/www.jackotoy.fr\/wp-content\/uploads\/2023\/12\/002_pipou_creve_jackotoy.webp","width":2000,"height":2000,"caption":"Pipou de Satan par Ergo et JackOToy pour Cr\u00e8ve Clothing Noir paillet\u00e9"},{"@type":"BreadcrumbList","@id":"https:\/\/www.jackotoy.fr\/produit\/pipou-de-satan\/#breadcrumb","itemListElement":[{"@type":"ListItem","position":1,"name":"Accueil","item":"https:\/\/www.jackotoy.fr\/"},{"@type":"ListItem","position":2,"name":"Boutique","item":"https:\/\/www.jackotoy.fr\/boutique\/"},{"@type":"ListItem","position":3,"name":"Pipou de Satan"}]},{"@type":"WebSite","@id":"https:\/\/www.jackotoy.fr\/#website","url":"https:\/\/www.jackotoy.fr\/","name":"Jack O'Toy","description":"Votre plaisir est unique.","publisher":{"@id":"https:\/\/www.jackotoy.fr\/#organization"},"potentialAction":[{"@type":"SearchAction","target":{"@type":"EntryPoint","urlTemplate":"https:\/\/www.jackotoy.fr\/?s={search_term_string}"},"query-input":{"@type":"PropertyValueSpecification","valueRequired":true,"valueName":"search_term_string"}}],"inLanguage":"en-GB"},{"@type":"Organization","@id":"https:\/\/www.jackotoy.fr\/#organization","name":"Jack O'Toy","url":"https:\/\/www.jackotoy.fr\/","logo":{"@type":"ImageObject","inLanguage":"en-GB","@id":"https:\/\/www.jackotoy.fr\/#\/schema\/logo\/image\/","url":"","contentUrl":"","caption":"Jack O'Toy"},"image":{"@id":"https:\/\/www.jackotoy.fr\/#\/schema\/logo\/image\/"},"sameAs":["https:\/\/x.com\/JackOToy","https:\/\/www.instagram.com\/jackotoy\/"]}]}},"wcpa_form_fields":null,"_links":{"self":[{"href":"https:\/\/www.jackotoy.fr\/en\/wp-json\/wp\/v2\/product\/242031","targetHints":{"allow":["GET"]}}],"collection":[{"href":"https:\/\/www.jackotoy.fr\/en\/wp-json\/wp\/v2\/product"}],"about":[{"href":"https:\/\/www.jackotoy.fr\/en\/wp-json\/wp\/v2\/types\/product"}],"replies":[{"embeddable":true,"href":"https:\/\/www.jackotoy.fr\/en\/wp-json\/wp\/v2\/comments?post=242031"}],"wp:featuredmedia":[{"embeddable":true,"href":"https:\/\/www.jackotoy.fr\/en\/wp-json\/wp\/v2\/media\/242075"}],"wp:attachment":[{"href":"https:\/\/www.jackotoy.fr\/en\/wp-json\/wp\/v2\/media?parent=242031"}],"wp:term":[{"taxonomy":"product_brand","embeddable":true,"href":"https:\/\/www.jackotoy.fr\/en\/wp-json\/wp\/v2\/product_brand?post=242031"},{"taxonomy":"product_cat","embeddable":true,"href":"https:\/\/www.jackotoy.fr\/en\/wp-json\/wp\/v2\/product_cat?post=242031"},{"taxonomy":"product_tag","embeddable":true,"href":"https:\/\/www.jackotoy.fr\/en\/wp-json\/wp\/v2\/product_tag?post=242031"}],"curies":[{"name":"wp","href":"https:\/\/api.w.org\/{rel}","templated":true}]}}